{"id":272,"date":"2016-07-22T19:15:14","date_gmt":"2016-07-23T00:15:14","guid":{"rendered":"http:\/\/www.spab-rice.com\/wordpress\/demo\/dani-demo\/?page_id=15"},"modified":"2025-01-17T09:26:34","modified_gmt":"2025-01-17T14:26:34","slug":"inicio","status":"publish","type":"page","link":"https:\/\/polloolympico.com\/web\/","title":{"rendered":"Inicio"},"content":{"rendered":"<div class=\"spacer spacer-mini\"><\/div><div class=\"wrapper-big\"><div id=\"portfolio-grid1\" class=\"isotope-grid isotope-spaced style-column-3 portfolio-animation fitrows portfolio-container\" >\n    <div class=\"isotope-item portfolio-item cat-18 \">\n        <div class=\"portfolio-item-inner item-inner\">\n            <a href=\"http:\/\/recetas.polloolympico.com\" class=\"thumb-hover image\" target=_blank >\n                <img fetchpriority=\"high\" decoding=\"async\" width=\"600\" height=\"400\" src=\"https:\/\/polloolympico.com\/web\/wp-content\/uploads\/2016\/08\/recetas_port.jpg\" class=\"attachment-dani-thumb-big-crop size-dani-thumb-big-crop wp-post-image\" alt=\"\" srcset=\"https:\/\/polloolympico.com\/web\/wp-content\/uploads\/2016\/08\/recetas_port.jpg 600w, https:\/\/polloolympico.com\/web\/wp-content\/uploads\/2016\/08\/recetas_port-300x200.jpg 300w, https:\/\/polloolympico.com\/web\/wp-content\/uploads\/2016\/08\/recetas_port-420x280.jpg 420w\" sizes=\"(max-width: 600px) 100vw, 600px\" \/>                \n                <div class=\"hover-image\"><img decoding=\"async\" src=\"https:\/\/polloolympico.com\/web\/wp-content\/uploads\/2016\/08\/recetasretroazul.jpg\" width=\"600\" height=\"400\" class=\"hover\"\/><\/div>                \n                                                <span class=\"thumb-arrow\"><\/span>\n\t\t\t\t            <\/a>\n                        <div class=\"portfolio-info\">\n                                <h3 class=\"portfolio-name text-animation h5\">\n                    <a href=\"http:\/\/recetas.polloolympico.com\" target=_blank>Encuentra las recetas m\u00e1s econ\u00f3micas, deliciosas y f\u00e1ciles de preparar<\/a>\n                <\/h3>\n            <\/div>\n                    <\/div>\n    <\/div>\n    <div class=\"isotope-item portfolio-item cat-18 \">\n        <div class=\"portfolio-item-inner item-inner\">\n            <a href=\"https:\/\/polloolympico.com\/web\/puntos-de-venta\/\" class=\"thumb-hover image\" target=_self >\n                <img decoding=\"async\" width=\"600\" height=\"400\" src=\"https:\/\/polloolympico.com\/web\/wp-content\/uploads\/2016\/08\/domicilios.jpg\" class=\"attachment-dani-thumb-big-crop size-dani-thumb-big-crop wp-post-image\" alt=\"\" srcset=\"https:\/\/polloolympico.com\/web\/wp-content\/uploads\/2016\/08\/domicilios.jpg 600w, https:\/\/polloolympico.com\/web\/wp-content\/uploads\/2016\/08\/domicilios-300x200.jpg 300w, https:\/\/polloolympico.com\/web\/wp-content\/uploads\/2016\/08\/domicilios-420x280.jpg 420w\" sizes=\"(max-width: 600px) 100vw, 600px\" \/>                \n                <div class=\"hover-image\"><img loading=\"lazy\" decoding=\"async\" src=\"https:\/\/polloolympico.com\/web\/wp-content\/uploads\/2016\/08\/RETRO_AZUL.jpg\" width=\"600\" height=\"400\" class=\"hover\"\/><\/div>                \n                                                <span class=\"thumb-arrow\"><\/span>\n\t\t\t\t            <\/a>\n                        <div class=\"portfolio-info\">\n                                <h3 class=\"portfolio-name text-animation h5\">\n                    <a href=\"https:\/\/polloolympico.com\/web\/puntos-de-venta\/\" target=_self>Contamos con 15 puntos de venta en Bogot\u00e1, Ch\u00eda, Mosquera y Facatativ\u00e1.<\/a>\n                <\/h3>\n            <\/div>\n                    <\/div>\n    <\/div>\n    <div class=\"isotope-item portfolio-item cat-18 \">\n        <div class=\"portfolio-item-inner item-inner\">\n            <a href=\"https:\/\/polloolympico.com\/web\/producto\/\" class=\"thumb-hover image\" target=_self >\n                <img loading=\"lazy\" decoding=\"async\" width=\"600\" height=\"400\" src=\"https:\/\/polloolympico.com\/web\/wp-content\/uploads\/2016\/08\/nuestro_pollo.jpg\" class=\"attachment-dani-thumb-big-crop size-dani-thumb-big-crop wp-post-image\" alt=\"\" srcset=\"https:\/\/polloolympico.com\/web\/wp-content\/uploads\/2016\/08\/nuestro_pollo.jpg 600w, https:\/\/polloolympico.com\/web\/wp-content\/uploads\/2016\/08\/nuestro_pollo-300x200.jpg 300w, https:\/\/polloolympico.com\/web\/wp-content\/uploads\/2016\/08\/nuestro_pollo-420x280.jpg 420w\" sizes=\"(max-width: 600px) 100vw, 600px\" \/>                \n                <div class=\"hover-image\"><img loading=\"lazy\" decoding=\"async\" src=\"https:\/\/polloolympico.com\/web\/wp-content\/uploads\/2016\/08\/retro_pollo.jpg\" width=\"600\" height=\"400\" class=\"hover\"\/><\/div>                \n                                                <span class=\"thumb-arrow\"><\/span>\n\t\t\t\t            <\/a>\n                        <div class=\"portfolio-info\">\n                                <h3 class=\"portfolio-name text-animation h5\">\n                    <a href=\"https:\/\/polloolympico.com\/web\/producto\/\" target=_self>Descubre nuestro portafolio de productos frescos<\/a>\n                <\/h3>\n            <\/div>\n                    <\/div>\n    <\/div>\n    <div class=\"isotope-item portfolio-item cat-18 \">\n        <div class=\"portfolio-item-inner item-inner\">\n            <a href=\"https:\/\/polloolympico.com\/web\/granjas\/\" class=\"thumb-hover image\" target=_self >\n                <img loading=\"lazy\" decoding=\"async\" width=\"600\" height=\"400\" src=\"https:\/\/polloolympico.com\/web\/wp-content\/uploads\/2016\/08\/granjas_azul.jpg\" class=\"attachment-dani-thumb-big-crop size-dani-thumb-big-crop wp-post-image\" alt=\"\" srcset=\"https:\/\/polloolympico.com\/web\/wp-content\/uploads\/2016\/08\/granjas_azul.jpg 600w, https:\/\/polloolympico.com\/web\/wp-content\/uploads\/2016\/08\/granjas_azul-300x200.jpg 300w, https:\/\/polloolympico.com\/web\/wp-content\/uploads\/2016\/08\/granjas_azul-420x280.jpg 420w\" sizes=\"(max-width: 600px) 100vw, 600px\" \/>                \n                <div class=\"hover-image\"><img loading=\"lazy\" decoding=\"async\" src=\"https:\/\/polloolympico.com\/web\/wp-content\/uploads\/2016\/08\/granjas_retro.jpg\" width=\"600\" height=\"400\" class=\"hover\"\/><\/div>                \n                                                <span class=\"thumb-arrow\"><\/span>\n\t\t\t\t            <\/a>\n                        <div class=\"portfolio-info\">\n                                <h3 class=\"portfolio-name text-animation h5\">\n                    <a href=\"https:\/\/polloolympico.com\/web\/granjas\/\" target=_self>En nuestras granjas, los trabajadores y nuestros pollos llevan una vida sana y feliz<\/a>\n                <\/h3>\n            <\/div>\n                    <\/div>\n    <\/div>\n    <div class=\"isotope-item portfolio-item cat-18 \">\n        <div class=\"portfolio-item-inner item-inner\">\n            <a href=\"https:\/\/polloolympico.com\/web\/nosotros\/\" class=\"thumb-hover image\" target=_self >\n                <img loading=\"lazy\" decoding=\"async\" width=\"600\" height=\"400\" src=\"https:\/\/polloolympico.com\/web\/wp-content\/uploads\/2016\/08\/nosotros.jpg\" class=\"attachment-dani-thumb-big-crop size-dani-thumb-big-crop wp-post-image\" alt=\"\" srcset=\"https:\/\/polloolympico.com\/web\/wp-content\/uploads\/2016\/08\/nosotros.jpg 600w, https:\/\/polloolympico.com\/web\/wp-content\/uploads\/2016\/08\/nosotros-300x200.jpg 300w, https:\/\/polloolympico.com\/web\/wp-content\/uploads\/2016\/08\/nosotros-420x280.jpg 420w\" sizes=\"(max-width: 600px) 100vw, 600px\" \/>                \n                <div class=\"hover-image\"><img loading=\"lazy\" decoding=\"async\" src=\"https:\/\/polloolympico.com\/web\/wp-content\/uploads\/2016\/08\/nosotros_retro.jpg\" width=\"600\" height=\"400\" class=\"hover\"\/><\/div>                \n                                                <span class=\"thumb-arrow\"><\/span>\n\t\t\t\t            <\/a>\n                        <div class=\"portfolio-info\">\n                                <h3 class=\"portfolio-name text-animation h5\">\n                    <a href=\"https:\/\/polloolympico.com\/web\/nosotros\/\" target=_self>La naturaleza y el campo son nuestras  ra\u00edces, las que nos califican como campesinos expertos<\/a>\n                <\/h3>\n            <\/div>\n                    <\/div>\n    <\/div>\n    <div class=\"isotope-item portfolio-item cat-18 \">\n        <div class=\"portfolio-item-inner item-inner\">\n            <a href=\"https:\/\/polloolympico.com\/web\/blog\/\" class=\"thumb-hover image\" target=_self >\n                <img loading=\"lazy\" decoding=\"async\" width=\"600\" height=\"400\" src=\"https:\/\/polloolympico.com\/web\/wp-content\/uploads\/2016\/08\/tipsss.jpg\" class=\"attachment-dani-thumb-big-crop size-dani-thumb-big-crop wp-post-image\" alt=\"\" srcset=\"https:\/\/polloolympico.com\/web\/wp-content\/uploads\/2016\/08\/tipsss.jpg 600w, https:\/\/polloolympico.com\/web\/wp-content\/uploads\/2016\/08\/tipsss-300x200.jpg 300w, https:\/\/polloolympico.com\/web\/wp-content\/uploads\/2016\/08\/tipsss-420x280.jpg 420w\" sizes=\"(max-width: 600px) 100vw, 600px\" \/>                \n                <div class=\"hover-image\"><img loading=\"lazy\" decoding=\"async\" src=\"https:\/\/polloolympico.com\/web\/wp-content\/uploads\/2016\/08\/tips.jpg\" width=\"600\" height=\"400\" class=\"hover\"\/><\/div>                \n                                                <span class=\"thumb-arrow\"><\/span>\n\t\t\t\t            <\/a>\n                        <div class=\"portfolio-info\">\n                                <h3 class=\"portfolio-name text-animation h5\">\n                    <a href=\"https:\/\/polloolympico.com\/web\/blog\/\" target=_self>Descubre los mejores tips y  beneficios que trae comer nuestro delicioso pollo.<\/a>\n                <\/h3>\n            <\/div>\n                    <\/div>\n    <\/div><\/div><\/div> <!-- END .wrapper --><div class=\"spacer spacer-medium\"><\/div>\n","protected":false},"excerpt":{"rendered":"","protected":false},"author":1,"featured_media":0,"parent":0,"menu_order":0,"comment_status":"closed","ping_status":"closed","template":"","meta":{"_monsterinsights_skip_tracking":false,"_monsterinsights_sitenote_active":false,"_monsterinsights_sitenote_note":"","_monsterinsights_sitenote_category":0,"footnotes":""},"class_list":["post-272","page","type-page","status-publish","hentry"],"_links":{"self":[{"href":"https:\/\/polloolympico.com\/web\/wp-json\/wp\/v2\/pages\/272","targetHints":{"allow":["GET"]}}],"collection":[{"href":"https:\/\/polloolympico.com\/web\/wp-json\/wp\/v2\/pages"}],"about":[{"href":"https:\/\/polloolympico.com\/web\/wp-json\/wp\/v2\/types\/page"}],"author":[{"embeddable":true,"href":"https:\/\/polloolympico.com\/web\/wp-json\/wp\/v2\/users\/1"}],"replies":[{"embeddable":true,"href":"https:\/\/polloolympico.com\/web\/wp-json\/wp\/v2\/comments?post=272"}],"version-history":[{"count":29,"href":"https:\/\/polloolympico.com\/web\/wp-json\/wp\/v2\/pages\/272\/revisions"}],"predecessor-version":[{"id":884,"href":"https:\/\/polloolympico.com\/web\/wp-json\/wp\/v2\/pages\/272\/revisions\/884"}],"wp:attachment":[{"href":"https:\/\/polloolympico.com\/web\/wp-json\/wp\/v2\/media?parent=272"}],"curies":[{"name":"wp","href":"https:\/\/api.w.org\/{rel}","templated":true}]}}