{"id":1301,"date":"2020-10-26T11:39:41","date_gmt":"2020-10-26T16:39:41","guid":{"rendered":"https:\/\/polloolympico.com\/web\/?page_id=1301"},"modified":"2020-10-26T11:39:42","modified_gmt":"2020-10-26T16:39:42","slug":"informacion-para-proveedores","status":"publish","type":"page","link":"https:\/\/polloolympico.com\/web\/informacion-para-proveedores\/","title":{"rendered":"Informaci\u00f3n para proveedores"},"content":{"rendered":"\n<h2 class=\"wp-block-heading\">Apreciado Proveedor<\/h2>\n\n\n\n<p>Por medio del presente cordialmente les solicitamos extremar las medidas de seguridad y tomar todas las precauciones necesarias ya que hay personas inescrupulosas y totalmente ajenas a nuestra compa\u00f1\u00eda han utilizado correos con dominios @polloolympico.com.co, y&nbsp; @polloolympicosa.com &nbsp;&nbsp;con fines delictivos, por lo cual es importante confirmarles que estos dominios no corresponden a nuestra organizaci\u00f3n, por lo cual es necesario que por favor <strong>tengan extremo cuidado<\/strong>.<\/p>\n\n\n\n<p>Les recordamos que cualquier pedido, orden de compra o solicitud debe ser confirmada \u00fanicamente por medio de nuestros canales oficiales de comunicaci\u00f3n que son:<\/p>\n\n\n\n<p>Tel\u00e9fono Fijo: 756-2000<\/p>\n\n\n\n<p>Direcci\u00f3n de Granjas: <a href=\"mailto:dirproduccion@polloolympico.com\">dirproduccion@polloolympico.com<\/a>, para tr\u00e1mite o confirmaci\u00f3n de pedido de insumos para granjas.<\/p>\n\n\n\n<p>Direcci\u00f3n Financiera: <a href=\"mailto:dirfinanciero@polloolympico.com\">dirfinanciero@polloolympico.com<\/a>, para cualquier confirmaci\u00f3n o tr\u00e1mite con respecto a cupo de cr\u00e9dito.<\/p>\n\n\n\n<p>Direcci\u00f3n Administrativa: <a href=\"mailto:administracion@polloolympico.com\">administracion@polloolympico.com<\/a>, para confirmaci\u00f3n de cualquier pedido superior a $2\u2019000.000.<\/p>\n\n\n\n<p>Departamento de compras: <a href=\"mailto:auxcompras@polloolympico.com\">auxcompras@polloolympico.com<\/a> o <a href=\"mailto:compras@polloolympico.com\">compras@polloolympico.com<\/a>, para env\u00edo de cotizaciones.<\/p>\n\n\n\n<p>Departamento de Tesorer\u00eda: <a href=\"mailto:tesoreria@polloolympico.com\">tesoreria@polloolympico.com<\/a>, para confirmaci\u00f3n de pagos.<\/p>\n\n\n\n<p>Por otro lado si recibieron o reciben en el futuro alguna comunicaci\u00f3n o solicitud sospechosa agradecemos nos lo hagan saber oportunamente, o frente a cualquier inquietud pueden comunicarse directamente al celular n\u00famero (317) 639-1815 correspondiente al Director Administrativo de nuestra organizaci\u00f3n, o en dado caso comunicarse directamente con nuestra gerencia.<\/p>\n\n\n\n<p>Cordialmente,<br><span style=\"color:#6e2405\" class=\"has-inline-color\">Equipo Pollo Ol\u00edmpico S.A.<\/span><\/p>\n","protected":false},"excerpt":{"rendered":"<p>Apreciado Proveedor Por medio del presente cordialmente les solicitamos extremar las medidas de seguridad y tomar todas las precauciones necesarias ya que hay personas inescrupulosas y totalmente ajenas a nuestra compa\u00f1\u00eda han utilizado correos con dominios @polloolympico.com.co, y&nbsp; @polloolympicosa.com &nbsp;&nbsp;con fines delictivos, por lo cual es importante confirmarles que estos dominios no corresponden a nuestra [&hellip;]<\/p>\n","protected":false},"author":1,"featured_media":0,"parent":0,"menu_order":0,"comment_status":"closed","ping_status":"closed","template":"","meta":{"_monsterinsights_skip_tracking":false,"_monsterinsights_sitenote_active":false,"_monsterinsights_sitenote_note":"","_monsterinsights_sitenote_category":0,"footnotes":""},"class_list":["post-1301","page","type-page","status-publish","hentry"],"_links":{"self":[{"href":"https:\/\/polloolympico.com\/web\/wp-json\/wp\/v2\/pages\/1301","targetHints":{"allow":["GET"]}}],"collection":[{"href":"https:\/\/polloolympico.com\/web\/wp-json\/wp\/v2\/pages"}],"about":[{"href":"https:\/\/polloolympico.com\/web\/wp-json\/wp\/v2\/types\/page"}],"author":[{"embeddable":true,"href":"https:\/\/polloolympico.com\/web\/wp-json\/wp\/v2\/users\/1"}],"replies":[{"embeddable":true,"href":"https:\/\/polloolympico.com\/web\/wp-json\/wp\/v2\/comments?post=1301"}],"version-history":[{"count":5,"href":"https:\/\/polloolympico.com\/web\/wp-json\/wp\/v2\/pages\/1301\/revisions"}],"predecessor-version":[{"id":1308,"href":"https:\/\/polloolympico.com\/web\/wp-json\/wp\/v2\/pages\/1301\/revisions\/1308"}],"wp:attachment":[{"href":"https:\/\/polloolympico.com\/web\/wp-json\/wp\/v2\/media?parent=1301"}],"curies":[{"name":"wp","href":"https:\/\/api.w.org\/{rel}","templated":true}]}}